{"id":5707,"date":"2015-02-19T09:48:19","date_gmt":"2015-02-19T09:48:19","guid":{"rendered":"http:\/\/demo2.wpresidence.net\/?page_id=5707"},"modified":"2025-10-27T14:15:24","modified_gmt":"2025-10-27T19:15:24","slug":"contacto-2","status":"publish","type":"page","link":"http:\/\/morancorealty.com\/en\/contacto-2\/","title":{"rendered":"Contact Us"},"content":{"rendered":"<p data-start=\"1187\" data-end=\"1467\" class=\" translation-block\">At <strong data-start=\"1190\" data-end=\"1209\">MORA&amp;CO. REALTY<\/strong>, we make finding your ideal property in Cancun and the Riviera Maya easy, safe, and transparent. Explore our catalog of homes, residential lots, and investment developments with the guidance of our expert and certified team.<\/p>\n<p data-start=\"1469\" data-end=\"1692\">Whether you're looking to buy your first home, invest in a high-value project, or sell your property with professional support, we'll guide you through every step of the process with personalized attention and legal certainty.<\/p>\n<p data-start=\"1694\" data-end=\"1897\" class=\" translation-block\">Trust our experience and knowledge of the Mexican Caribbean real estate market. Contact us today and discover why at MORA&amp;CO. REALTY we turn your wealth goals into realities.<\/p>","protected":false},"excerpt":{"rendered":"<p>En MORA&amp;CO. REALTY hacemos que encontrar tu propiedad ideal en Canc\u00fan y la Riviera Maya sea f\u00e1cil, seguro y transparente. Explora nuestro cat\u00e1logo de casas, terrenos residenciales y desarrollos de inversi\u00f3n con la asesor\u00eda de un equipo experto y certificado. Ya sea que busques comprar tu primer hogar, invertir en un proyecto con alta plusval\u00eda o vender tu propiedad con respaldo profesional, te acompa\u00f1amos &#8230;<\/p>","protected":false},"author":1,"featured_media":0,"parent":0,"menu_order":0,"comment_status":"open","ping_status":"open","template":"page-templates\/contact_page.php","meta":{"inline_featured_image":false,"_monsterinsights_skip_tracking":false,"_monsterinsights_sitenote_active":false,"_monsterinsights_sitenote_note":"","_monsterinsights_sitenote_category":0,"footnotes":""},"class_list":["post-5707","page","type-page","status-publish","hentry"],"aioseo_notices":[],"_links":{"self":[{"href":"http:\/\/morancorealty.com\/en\/wp-json\/wp\/v2\/pages\/5707","targetHints":{"allow":["GET"]}}],"collection":[{"href":"http:\/\/morancorealty.com\/en\/wp-json\/wp\/v2\/pages"}],"about":[{"href":"http:\/\/morancorealty.com\/en\/wp-json\/wp\/v2\/types\/page"}],"author":[{"embeddable":true,"href":"http:\/\/morancorealty.com\/en\/wp-json\/wp\/v2\/users\/1"}],"replies":[{"embeddable":true,"href":"http:\/\/morancorealty.com\/en\/wp-json\/wp\/v2\/comments?post=5707"}],"version-history":[{"count":2,"href":"http:\/\/morancorealty.com\/en\/wp-json\/wp\/v2\/pages\/5707\/revisions"}],"predecessor-version":[{"id":25412,"href":"http:\/\/morancorealty.com\/en\/wp-json\/wp\/v2\/pages\/5707\/revisions\/25412"}],"wp:attachment":[{"href":"http:\/\/morancorealty.com\/en\/wp-json\/wp\/v2\/media?parent=5707"}],"curies":[{"name":"wp","href":"https:\/\/api.w.org\/{rel}","templated":true}]}}