{"id":25286,"date":"2025-10-23T09:29:26","date_gmt":"2025-10-23T14:29:26","guid":{"rendered":"https:\/\/moraasoc.com\/?page_id=25286"},"modified":"2025-10-23T09:37:14","modified_gmt":"2025-10-23T14:37:14","slug":"politicas-de-privacidad","status":"publish","type":"page","link":"https:\/\/morancorealty.com\/en\/politicas-de-privacidad\/","title":{"rendered":"Privacy Policies"},"content":{"rendered":"<p data-start=\"355\" data-end=\"395\" class=\" translation-block\">At <strong data-start=\"400\" data-end=\"419\">MORA&amp;CO. REALTY<\/strong> (hereinafter \u201cthe Company\u201d), located in Cancun, Quintana Roo, Mexico, we respect your right to privacy and the protection of your personal data in accordance with the <strong data-start=\"581\" data-end=\"662\">Federal Law on the Protection of Personal Data Held by Private Parties<\/strong>.<\/p>\n<p data-start=\"397\" data-end=\"665\">En <strong data-start=\"400\" data-end=\"419\">MORA&amp;CO. REALTY<\/strong> (en adelante \u201cla Empresa\u201d), ubicada en Canc\u00fan, Quintana Roo, M\u00e9xico, respetamos su derecho a la privacidad y la protecci\u00f3n de sus datos personales conforme a la <strong data-start=\"581\" data-end=\"662\">Federal Law on the Protection of Personal Data Held by Private Parties<\/strong>.<\/p>\n<p data-start=\"667\" data-end=\"901\" class=\" translation-block\">This policy describes how we collect, use, store, and protect the information you provide to us through our website <strong data-start=\"812\" data-end=\"837\"><a class=\"decorated-link\" href=\"http:\/\/www.morancorealty.com\" target=\"_new\" rel=\"noopener\" data-start=\"814\" data-end=\"835\">www.morancorealty.com<\/a><\/strong>, social media, email, or other means of contact.<\/p>\n<hr data-start=\"903\" data-end=\"906\" \/>\n<h2 data-start=\"908\" data-end=\"939\"><strong data-start=\"911\" data-end=\"939\">1. Data we collect<\/strong><\/h2>\n<p data-start=\"940\" data-end=\"992\">We may collect the following personal information:<\/p>\n<ul data-start=\"993\" data-end=\"1195\">\n<li data-start=\"993\" data-end=\"1012\">\n<p data-start=\"995\" data-end=\"1012\">Full name<\/p>\n<\/li>\n<li data-start=\"1013\" data-end=\"1035\">\n<p data-start=\"1015\" data-end=\"1035\">Email<\/p>\n<\/li>\n<li data-start=\"1036\" data-end=\"1057\">\n<p data-start=\"1038\" data-end=\"1057\">Telephone number<\/p>\n<\/li>\n<li data-start=\"1058\" data-end=\"1089\">\n<p data-start=\"1060\" data-end=\"1089\">City and country of residence<\/p>\n<\/li>\n<li data-start=\"1090\" data-end=\"1195\">\n<p data-start=\"1092\" data-end=\"1195\">Information related to real estate interests (type of property, budget, area of \u200b\u200binterest)<\/p>\n<\/li>\n<\/ul>\n<p data-start=\"1197\" data-end=\"1318\">If necessary, we may request additional information related to specific transactions or services.<\/p>\n<hr data-start=\"1320\" data-end=\"1323\" \/>\n<h2 data-start=\"1325\" data-end=\"1362\"><strong data-start=\"1328\" data-end=\"1362\">2. Use of personal data<\/strong><\/h2>\n<p data-start=\"1363\" data-end=\"1444\">The data we collect will be used exclusively for the following purposes:<\/p>\n<ul data-start=\"1445\" data-end=\"1862\">\n<li data-start=\"1445\" data-end=\"1513\">\n<p data-start=\"1447\" data-end=\"1513\">Provide information about real estate properties or services.<\/p>\n<\/li>\n<li data-start=\"1514\" data-end=\"1585\">\n<p data-start=\"1516\" data-end=\"1585\">Follow up on requests for contact, quotes, or advice.<\/p>\n<\/li>\n<li data-start=\"1586\" data-end=\"1683\">\n<p data-start=\"1588\" data-end=\"1683\">Send promotional information, newsletters or industry news (only with your consent).<\/p>\n<\/li>\n<li data-start=\"1684\" data-end=\"1780\">\n<p data-start=\"1686\" data-end=\"1780\">To fulfill contractual and legal obligations arising from the relationship with our clients.<\/p>\n<\/li>\n<li data-start=\"1781\" data-end=\"1862\">\n<p data-start=\"1783\" data-end=\"1862\">Improve the user experience on our website and digital campaigns.<\/p>\n<\/li>\n<\/ul>\n<hr data-start=\"1864\" data-end=\"1867\" \/>\n<h2 data-start=\"1869\" data-end=\"1907\"><strong data-start=\"1872\" data-end=\"1907\">3. Information protection<\/strong><\/h2>\n<p data-start=\"1908\" data-end=\"2082\">MORA&amp;CO. REALTY implements technical, administrative, and physical measures to protect your personal data against damage, loss, alteration, destruction, or unauthorized use.<\/p>\n<p data-start=\"2084\" data-end=\"2186\">Your information will not be sold, transferred, or shared with third parties, except in the following cases:<\/p>\n<ul data-start=\"2187\" data-end=\"2355\">\n<li data-start=\"2187\" data-end=\"2256\">\n<p data-start=\"2189\" data-end=\"2256\">That it is necessary by legal requirement or competent authority.<\/p>\n<\/li>\n<li data-start=\"2257\" data-end=\"2355\">\n<p data-start=\"2259\" data-end=\"2355\">That it is indispensable to complete a real estate transaction, with your prior consent.<\/p>\n<\/li>\n<\/ul>\n<hr data-start=\"2357\" data-end=\"2360\" \/>\n<h2 data-start=\"2362\" data-end=\"2434\"><strong data-start=\"2365\" data-end=\"2434\">4. ARCO Rights (Access, Rectification, Cancellation and Opposition)<\/strong><\/h2>\n<p data-start=\"2435\" data-end=\"2457\">You have the right to:<\/p>\n<ul data-start=\"2458\" data-end=\"2723\">\n<li data-start=\"2458\" data-end=\"2497\">\n<p data-start=\"2460\" data-end=\"2497\" class=\" translation-block\"><strong data-start=\"2460\" data-end=\"2471\">Access<\/strong> your personal data.<\/p>\n<\/li>\n<li data-start=\"2498\" data-end=\"2560\">\n<p data-start=\"2500\" data-end=\"2560\" class=\" translation-block\"><strong data-start=\"2657\" data-end=\"2669\">Object<\/strong> to the processing of your data for specific purposes.<\/p>\n<\/li>\n<li data-start=\"2561\" data-end=\"2654\">\n<p data-start=\"2563\" data-end=\"2654\"><strong data-start=\"2563\" data-end=\"2575\">Cancelar<\/strong> sus datos cuando considere que no son necesarios para los fines mencionados.<\/p>\n<\/li>\n<li data-start=\"2655\" data-end=\"2723\">\n<p data-start=\"2657\" data-end=\"2723\"><strong data-start=\"2657\" data-end=\"2669\">Oponerse<\/strong> al tratamiento de sus datos para fines espec\u00edficos.<\/p>\n<\/li>\n<\/ul>\n<p data-start=\"2725\" data-end=\"2851\">Para ejercer cualquiera de estos derechos, puede enviar una solicitud al correo electr\u00f3nico:<br data-start=\"2817\" data-end=\"2820\" \/>\ud83d\udce7 <strong data-start=\"2823\" data-end=\"2849\"><a class=\"decorated-link cursor-pointer\" rel=\"noopener\" data-start=\"2825\" data-end=\"2847\">mailto:info@morancorealty.com<\/a><\/strong><\/p>\n<p data-start=\"2853\" data-end=\"2987\">The request must include your full name, a description of the right you wish to exercise, and a means of contact for follow-up.<\/p>\n<hr data-start=\"2989\" data-end=\"2992\" \/>\n<h2 data-start=\"2994\" data-end=\"3042\"><strong data-start=\"2997\" data-end=\"3042\">5. Use of cookies and similar technologies<\/strong><\/h2>\n<p data-start=\"3043\" data-end=\"3295\">Nuestro sitio web <strong data-start=\"3061\" data-end=\"3086\"><a class=\"decorated-link\" href=\"http:\/\/www.morancorealty.com\" target=\"_new\" rel=\"noopener\" data-start=\"3063\" data-end=\"3084\">www.morancorealty.com<\/a><\/strong> utiliza cookies y herramientas anal\u00edticas para mejorar su experiencia de navegaci\u00f3n, medir el tr\u00e1fico y personalizar contenido. Usted puede desactivar el uso de cookies desde la configuraci\u00f3n de su navegador.<\/p>\n<hr data-start=\"3297\" data-end=\"3300\" \/>\n<h2 data-start=\"3302\" data-end=\"3336\"><strong data-start=\"3305\" data-end=\"3336\">6. Cambios en esta pol\u00edtica<\/strong><\/h2>\n<p data-start=\"3337\" data-end=\"3519\">MORA&amp;CO. REALTY reserves the right to modify or update this Privacy Policy at any time. Any changes will be posted in this same section of the website.<\/p>\n<hr data-start=\"3521\" data-end=\"3524\" \/>\n<h2 data-start=\"3526\" data-end=\"3544\"><strong data-start=\"3529\" data-end=\"3544\">7. Contact<\/strong><\/h2>\n<p data-start=\"3545\" data-end=\"3700\">Si tiene preguntas o comentarios sobre esta Pol\u00edtica de Privacidad, puede contactarnos en:<br data-start=\"3635\" data-end=\"3638\" \/>\ud83d\udce7 <strong data-start=\"3641\" data-end=\"3667\"><a class=\"decorated-link cursor-pointer\" rel=\"noopener\" data-start=\"3643\" data-end=\"3665\">mailto:info@morancorealty.com<\/a><\/strong><br data-start=\"3667\" data-end=\"3670\" \/>\ud83c\udf10 <strong data-start=\"3673\" data-end=\"3698\"><a class=\"decorated-link\" href=\"http:\/\/www.morancorealty.com\" target=\"_new\" rel=\"noopener\" data-start=\"3675\" data-end=\"3696\">www.morancorealty.com<\/a><\/strong><\/p>","protected":false},"excerpt":{"rendered":"<p>\u00daltima actualizaci\u00f3n: Octubre 2025 En MORA&amp;CO. REALTY (en adelante \u201cla Empresa\u201d), ubicada en Canc\u00fan, Quintana Roo, M\u00e9xico, respetamos su derecho a la privacidad y la protecci\u00f3n de sus datos personales conforme a la Ley Federal de Protecci\u00f3n de Datos Personales en Posesi\u00f3n de los Particulares. Esta pol\u00edtica describe c\u00f3mo recopilamos, usamos, almacenamos y protegemos la informaci\u00f3n que usted nos proporciona a trav\u00e9s de nuestro &#8230;<\/p>","protected":false},"author":1,"featured_media":0,"parent":0,"menu_order":0,"comment_status":"closed","ping_status":"closed","template":"","meta":{"inline_featured_image":false,"_monsterinsights_skip_tracking":false,"_monsterinsights_sitenote_active":false,"_monsterinsights_sitenote_note":"","_monsterinsights_sitenote_category":0,"footnotes":""},"class_list":["post-25286","page","type-page","status-publish","hentry"],"aioseo_notices":[],"_links":{"self":[{"href":"https:\/\/morancorealty.com\/en\/wp-json\/wp\/v2\/pages\/25286","targetHints":{"allow":["GET"]}}],"collection":[{"href":"https:\/\/morancorealty.com\/en\/wp-json\/wp\/v2\/pages"}],"about":[{"href":"https:\/\/morancorealty.com\/en\/wp-json\/wp\/v2\/types\/page"}],"author":[{"embeddable":true,"href":"https:\/\/morancorealty.com\/en\/wp-json\/wp\/v2\/users\/1"}],"replies":[{"embeddable":true,"href":"https:\/\/morancorealty.com\/en\/wp-json\/wp\/v2\/comments?post=25286"}],"version-history":[{"count":2,"href":"https:\/\/morancorealty.com\/en\/wp-json\/wp\/v2\/pages\/25286\/revisions"}],"predecessor-version":[{"id":25288,"href":"https:\/\/morancorealty.com\/en\/wp-json\/wp\/v2\/pages\/25286\/revisions\/25288"}],"wp:attachment":[{"href":"https:\/\/morancorealty.com\/en\/wp-json\/wp\/v2\/media?parent=25286"}],"curies":[{"name":"wp","href":"https:\/\/api.w.org\/{rel}","templated":true}]}}