{"id":25302,"date":"2025-10-23T13:08:27","date_gmt":"2025-10-23T18:08:27","guid":{"rendered":"https:\/\/moraasoc.com\/?page_id=25302"},"modified":"2025-10-23T13:27:03","modified_gmt":"2025-10-23T18:27:03","slug":"buzon-de-quejas-y-sugerencias","status":"publish","type":"page","link":"https:\/\/morancorealty.com\/en\/buzon-de-quejas-y-sugerencias\/","title":{"rendered":"Complaints and Suggestions Box"},"content":{"rendered":"<div data-elementor-type=\"wp-page\" data-elementor-id=\"25302\" class=\"elementor elementor-25302\">\n\t\t\t\t<div class=\"elementor-element elementor-element-a9b4d48 e-flex e-con-boxed e-con e-parent\" data-id=\"a9b4d48\" data-element_type=\"container\" data-e-type=\"container\" data-settings=\"{&quot;background_background&quot;:&quot;classic&quot;}\">\n\t\t\t\t\t<div class=\"e-con-inner\">\n\t\t<div class=\"elementor-element elementor-element-7329590 e-con-full e-flex e-con e-child\" data-id=\"7329590\" data-element_type=\"container\" data-e-type=\"container\" data-settings=\"{&quot;background_background&quot;:&quot;classic&quot;}\">\n\t\t\t\t<div class=\"elementor-element elementor-element-3f747f6 elementor-widget elementor-widget-text-editor\" data-id=\"3f747f6\" data-element_type=\"widget\" data-e-type=\"widget\" data-widget_type=\"text-editor.default\">\n\t\t\t\t\t\t\t\t\t<p data-start=\"408\" data-end=\"594\">En <strong data-start=\"411\" data-end=\"430\">MORA&amp;CO. REALTY<\/strong> valoramos la transparencia y la mejora continua. Este espacio est\u00e1 destinado a recibir tus comentarios, quejas o sugerencias sobre nuestros servicios o procesos.<\/p><p data-start=\"601\" data-end=\"793\">Todas las opiniones ser\u00e1n atendidas con confidencialidad y compromiso, con el objetivo de seguir ofreciendo un servicio \u00e9tico, profesional y orientado a la satisfacci\u00f3n de nuestros clientes.<\/p>\t\t\t\t\t\t\t\t<\/div>\n\t\t\t\t<div class=\"elementor-element elementor-element-bfbc231 elementor-button-align-start elementor-widget elementor-widget-WpResidence_Contact_Form_Builder\" data-id=\"bfbc231\" data-element_type=\"widget\" data-e-type=\"widget\" data-widget_type=\"WpResidence_Contact_Form_Builder.default\">\n\t\t\t\t<div class=\"elementor-widget-container\">\n\t\t\t\t\t\n\n\n\n\n        <form class=\"elementor-form wpresidence_elementor_form wpestate_contact_form_parent\"  id=\"wpresidence-elementor-form-bfbc231\" method=\"post\" action=\"\" >\n            <div class=\"alert-box error\">\n                <div class=\"alert-message\" id=\"alert-agent-contact\"><\/div>\n            <\/div>\n            <input name=\"prop_id\" type=\"hidden\"  id=\"agent_property_id\" value=\"\">\n            <input name=\"prop_id\" type=\"hidden\"  id=\"agent_id\" value=\"\">\n            <input name=\"prop_id\" type=\"hidden\"  id=\"contact_form_elementor\" value=\"1\">\n            <input type=\"hidden\" name=\"contact_ajax_nonce\" id=\"agent_property_ajax_nonce\"  value=\"6c7749c739\" \/>\n\n            \n            \n            <input type=\"hidden\" id=\"wpresidence_form_id\" name=\"wpresidence_form_id\" value=\"wpresidence_form_7934\" \/>\n        \n            <input type=\"hidden\" id=\"elementor_email_subject\" name=\"email_suject\" value=\"BUZ\u00d3N DE QUEJAS Y SUGERENCIAS\" \/>\n\n\n            <div class=\"elementor-form-fields-wrapper elementor-labels-above\">\n        <div class=\"elementor-field-group elementor-column form-group elementor-field-group-24f699d elementor-col-50\"><label for=\"form-field-24f699d\" class=\"elementor-field-label\">Name<\/label><input type=\"text\" name=\"first_name\" id=\"form-field-24f699d\" class=\"elementor-field form-control elementor-size-md elementor-field-textual\" placeholder=\"Write your Name\"><\/div><div class=\"elementor-field-group elementor-column form-group elementor-field-group-name elementor-col-50\"><label for=\"form-field-name\" class=\"elementor-field-label\">Surname<\/label><input type=\"text\" name=\"last_name\" id=\"form-field-name\" class=\"elementor-field form-control elementor-size-md elementor-field-textual\" placeholder=\"Write your last name(s)\"><\/div><div class=\"elementor-field-group elementor-column form-group elementor-field-group-email elementor-field-required elementor-col-50\"><label for=\"form-field-email\" class=\"elementor-field-label\">Email*<\/label><input type=\"email\" name=\"email\" id=\"form-field-email\" class=\"elementor-field form-control elementor-size-md elementor-field-textual\" required=\"required\" placeholder=\"Write your Email\"><\/div><div class=\"elementor-field-group elementor-column form-group elementor-field-group-message elementor-field-required elementor-col-50\"><label for=\"form-field-message\" class=\"elementor-field-label\">Mobile*<\/label><input type=\"text\" name=\"mobile\" id=\"form-field-message\" class=\"elementor-field form-control elementor-size-md elementor-field-textual\" required=\"required\" placeholder=\"Write your Number\"><\/div><div class=\"elementor-field-group elementor-column form-group elementor-field-group-f1e07cd elementor-field-required elementor-col-100\"><label for=\"form-field-f1e07cd\" class=\"elementor-field-label\">Message*<\/label><textarea class=\"form-control elementor-field-textual elementor-field elementor-size-md\" name=\"message\" id=\"form-field-f1e07cd\" rows=\"4\" required=\"required\" placeholder=\"Leave us your comments or observations\"><\/textarea><\/div>\n                <div class=\"elementor-field-group elementor-column elementor-field-type-submit elementor-col-100\">\n                            <button type=\"submit\" class=\"agent_submit_class_elementor wpresidence_button wpresidence_button_elementor elementor-button elementor-size-md\">\n                    Send Comment                            <\/button>\n\n                <\/div>\n            <\/div>\n\n\n\n        <input type=\"hidden\" name=\"trp-form-language\" value=\"en\"\/><\/form>\n\n\n\n\n        \t\t\t\t<\/div>\n\t\t\t\t<\/div>\n\t\t\t\t<\/div>\n\t\t\t\t\t<\/div>\n\t\t\t\t<\/div>\n\t\t\t\t<\/div>","protected":false},"excerpt":{"rendered":"<p>En MORA&amp;CO. REALTY valoramos la transparencia y la mejora continua. Este espacio est\u00e1 destinado a recibir tus comentarios, quejas o sugerencias sobre nuestros servicios o procesos. Todas las opiniones ser\u00e1n atendidas con confidencialidad y compromiso, con el objetivo de seguir ofreciendo un servicio \u00e9tico, profesional y orientado a la satisfacci\u00f3n de nuestros clientes. NombreApellidoCorreo*Mov\u00edl*Mensaje* Enviar Comentario<\/p>","protected":false},"author":1,"featured_media":0,"parent":0,"menu_order":0,"comment_status":"closed","ping_status":"closed","template":"elementor_header_footer","meta":{"inline_featured_image":false,"_monsterinsights_skip_tracking":false,"_monsterinsights_sitenote_active":false,"_monsterinsights_sitenote_note":"","_monsterinsights_sitenote_category":0,"footnotes":""},"class_list":["post-25302","page","type-page","status-publish","hentry"],"aioseo_notices":[],"_links":{"self":[{"href":"https:\/\/morancorealty.com\/en\/wp-json\/wp\/v2\/pages\/25302","targetHints":{"allow":["GET"]}}],"collection":[{"href":"https:\/\/morancorealty.com\/en\/wp-json\/wp\/v2\/pages"}],"about":[{"href":"https:\/\/morancorealty.com\/en\/wp-json\/wp\/v2\/types\/page"}],"author":[{"embeddable":true,"href":"https:\/\/morancorealty.com\/en\/wp-json\/wp\/v2\/users\/1"}],"replies":[{"embeddable":true,"href":"https:\/\/morancorealty.com\/en\/wp-json\/wp\/v2\/comments?post=25302"}],"version-history":[{"count":13,"href":"https:\/\/morancorealty.com\/en\/wp-json\/wp\/v2\/pages\/25302\/revisions"}],"predecessor-version":[{"id":25347,"href":"https:\/\/morancorealty.com\/en\/wp-json\/wp\/v2\/pages\/25302\/revisions\/25347"}],"wp:attachment":[{"href":"https:\/\/morancorealty.com\/en\/wp-json\/wp\/v2\/media?parent=25302"}],"curies":[{"name":"wp","href":"https:\/\/api.w.org\/{rel}","templated":true}]}}