{"id":5275,"date":"2014-05-24T13:51:08","date_gmt":"2014-05-24T13:51:08","guid":{"rendered":"http:\/\/wpresidence.net\/?page_id=9"},"modified":"2025-10-23T10:23:16","modified_gmt":"2025-10-23T15:23:16","slug":"terms-of-user","status":"publish","type":"page","link":"https:\/\/morancorealty.com\/en\/terms-of-user\/","title":{"rendered":"T\u00e9rminos y condiciones de uso"},"content":{"rendered":"<p data-start=\"289\" data-end=\"351\"><strong data-start=\"289\" data-end=\"308\">MORA&amp;CO. REALTY<\/strong><br data-start=\"308\" data-end=\"311\" \/><strong data-start=\"311\" data-end=\"336\">\u00daltima actualizaci\u00f3n:<\/strong> Octubre 2025<\/p>\n<p data-start=\"353\" data-end=\"702\">Bienvenido al sitio web <strong data-start=\"377\" data-end=\"402\"><a class=\"decorated-link\" href=\"http:\/\/www.morancorealty.com\" target=\"_new\" rel=\"noopener\" data-start=\"379\" data-end=\"400\">www.morancorealty.com<\/a><\/strong>, propiedad de <strong data-start=\"417\" data-end=\"436\">MORA&amp;CO. REALTY<\/strong> (en adelante \u201cla Empresa\u201d), con domicilio en Canc\u00fan, Quintana Roo, M\u00e9xico. Al acceder, navegar o utilizar este sitio, usted acepta los siguientes <strong data-start=\"583\" data-end=\"616\">T\u00e9rminos y condiciones de uso<\/strong>. Si no est\u00e1 de acuerdo con alguno de ellos, le recomendamos no utilizar este sitio.<\/p>\n<hr data-start=\"704\" data-end=\"707\" \/>\n<h2 data-start=\"709\" data-end=\"736\"><strong data-start=\"712\" data-end=\"736\">1. Uso del sitio web<\/strong><\/h2>\n<p data-start=\"737\" data-end=\"1031\">The content of this site is for informational purposes only. The Company offers real estate brokerage and advisory services, but use of this site does not create a direct contractual relationship until formal communication and written confirmation are received from the Company.<\/p>\n<p data-start=\"1033\" data-end=\"1219\">The user agrees to use the site responsibly, legally and in accordance with these terms, avoiding any action that may damage, alter or affect its operation.<\/p>\n<hr data-start=\"1221\" data-end=\"1224\" \/>\n<h2 data-start=\"1226\" data-end=\"1257\"><strong data-start=\"1229\" data-end=\"1257\">2. Intellectual Property<\/strong><\/h2>\n<p data-start=\"1258\" data-end=\"1463\">Todos los textos, im\u00e1genes, logotipos, fotograf\u00edas, dise\u00f1os, marcas y dem\u00e1s elementos contenidos en <strong data-start=\"1358\" data-end=\"1383\"><a class=\"decorated-link\" href=\"http:\/\/www.morancorealty.com\" target=\"_new\" rel=\"noopener\" data-start=\"1360\" data-end=\"1381\">www.morancorealty.com<\/a><\/strong> son propiedad de <strong data-start=\"1401\" data-end=\"1420\">MORA&amp;CO. REALTY<\/strong> o de terceros que han autorizado su uso.<\/p>\n<p data-start=\"1465\" data-end=\"1636\">Queda estrictamente prohibida su reproducci\u00f3n total o parcial, distribuci\u00f3n, modificaci\u00f3n o uso con fines comerciales sin autorizaci\u00f3n expresa por escrito de la Empresa.<\/p>\n<hr data-start=\"1638\" data-end=\"1641\" \/>\n<h2 data-start=\"1643\" data-end=\"1676\"><strong data-start=\"1646\" data-end=\"1676\">3. Information and content<\/strong><\/h2>\n<p data-start=\"1677\" data-end=\"1866\">MORA&amp;CO. REALTY strives to keep information up-to-date and accurate; however, prices, availability, and property features may change without notice.<\/p>\n<p data-start=\"1868\" data-end=\"2107\">The published content does not constitute a binding offer and is subject to direct verification by our advisors. The Company is not responsible for typographical errors, omissions, or information provided by third parties.<\/p>\n<hr data-start=\"2109\" data-end=\"2112\" \/>\n<h2 data-start=\"2114\" data-end=\"2140\"><strong data-start=\"2117\" data-end=\"2140\">4. External links<\/strong><\/h2>\n<p data-start=\"2141\" data-end=\"2366\">El sitio puede incluir enlaces a p\u00e1ginas de terceros. <strong data-start=\"2195\" data-end=\"2214\">MORA&amp;CO. REALTY<\/strong> no se responsabiliza del contenido, pol\u00edticas o pr\u00e1cticas de dichos sitios, los cuales son responsabilidad exclusiva de sus respectivos propietarios.<\/p>\n<hr data-start=\"2368\" data-end=\"2371\" \/>\n<h2 data-start=\"2373\" data-end=\"2413\"><strong data-start=\"2376\" data-end=\"2413\">5. Protecci\u00f3n de datos personales<\/strong><\/h2>\n<p data-start=\"2414\" data-end=\"2573\" class=\" translation-block\">The processing of personal data provided by users will be governed by our <strong data-start=\"2514\" data-end=\"2537\">Privacy Notice<\/strong>, available on this same page.<\/p>\n<p data-start=\"2575\" data-end=\"2674\">By using the site, you consent to the processing of your information in accordance with this policy.<\/p>\n<hr data-start=\"2676\" data-end=\"2679\" \/>\n<h2 data-start=\"2681\" data-end=\"2720\"><strong data-start=\"2684\" data-end=\"2720\">6. Limitaci\u00f3n de responsabilidad<\/strong><\/h2>\n<p data-start=\"2721\" data-end=\"2906\"><strong data-start=\"2721\" data-end=\"2740\">MORA&amp;CO. REALTY<\/strong> no ser\u00e1 responsable de da\u00f1os o perjuicios derivados del uso o imposibilidad de uso del sitio, interrupciones t\u00e9cnicas, p\u00e9rdida de informaci\u00f3n o virus inform\u00e1ticos.<\/p>\n<p data-start=\"2908\" data-end=\"2971\">El uso de este sitio es bajo el riesgo exclusivo del usuario.<\/p>\n<hr data-start=\"2973\" data-end=\"2976\" \/>\n<h2 data-start=\"2978\" data-end=\"3002\"><strong data-start=\"2981\" data-end=\"3002\">7. Modifications<\/strong><\/h2>\n<p data-start=\"3003\" data-end=\"3199\">La Empresa podr\u00e1 modificar estos <strong data-start=\"3036\" data-end=\"3062\">T\u00e9rminos y Condiciones<\/strong> en cualquier momento y sin previo aviso. Las modificaciones entrar\u00e1n en vigor a partir de su publicaci\u00f3n en <strong data-start=\"3171\" data-end=\"3196\"><a class=\"decorated-link\" href=\"http:\/\/www.morancorealty.com\" target=\"_new\" rel=\"noopener\" data-start=\"3173\" data-end=\"3194\">www.morancorealty.com<\/a><\/strong>.<\/p>\n<hr data-start=\"3201\" data-end=\"3204\" \/>\n<h2 data-start=\"3206\" data-end=\"3252\"><strong data-start=\"3209\" data-end=\"3252\">8. Legislaci\u00f3n aplicable y jurisdicci\u00f3n<\/strong><\/h2>\n<p data-start=\"3253\" data-end=\"3517\">Estos t\u00e9rminos se rigen por las leyes de los <strong data-start=\"3298\" data-end=\"3326\">Estados Unidos Mexicanos<\/strong>, y cualquier controversia ser\u00e1 resuelta ante los tribunales competentes de la ciudad de <strong data-start=\"3415\" data-end=\"3439\">Canc\u00fan, Quintana Roo<\/strong>, renunciando las partes a cualquier otro fuero que pudiera corresponderles.<\/p>\n<hr data-start=\"3519\" data-end=\"3522\" \/>\n<h2 data-start=\"3524\" data-end=\"3542\"><strong data-start=\"3527\" data-end=\"3542\">9. Contacto<\/strong><\/h2>\n<p data-start=\"3543\" data-end=\"3707\">Si tiene dudas o comentarios sobre estos T\u00e9rminos y Condiciones, puede comunicarse con nosotros en:<br data-start=\"3642\" data-end=\"3645\" \/>\ud83d\udce7 <strong data-start=\"3648\" data-end=\"3674\"><a class=\"decorated-link cursor-pointer\" rel=\"noopener\" data-start=\"3650\" data-end=\"3672\">mailto:info@morancorealty.com<\/a><\/strong><br data-start=\"3674\" data-end=\"3677\" \/>\ud83c\udf10 <strong data-start=\"3680\" data-end=\"3705\"><a class=\"decorated-link\" href=\"http:\/\/www.morancorealty.com\" target=\"_new\" rel=\"noopener\" data-start=\"3682\" data-end=\"3703\">www.morancorealty.com<\/a><\/strong><\/p>","protected":false},"excerpt":{"rendered":"<p>MORA&amp;CO. REALTY\u00daltima actualizaci\u00f3n: Octubre 2025 Bienvenido al sitio web www.morancorealty.com, propiedad de MORA&amp;CO. REALTY (en adelante \u201cla Empresa\u201d), con domicilio en Canc\u00fan, Quintana Roo, M\u00e9xico. Al acceder, navegar o utilizar este sitio, usted acepta los siguientes T\u00e9rminos y Condiciones de Uso. Si no est\u00e1 de acuerdo con alguno de ellos, le recomendamos no utilizar este sitio. 1. Uso del sitio web El contenido de &#8230;<\/p>","protected":false},"author":1,"featured_media":0,"parent":0,"menu_order":0,"comment_status":"closed","ping_status":"closed","template":"page-templates\/terms_conditions.php","meta":{"inline_featured_image":false,"_monsterinsights_skip_tracking":false,"_monsterinsights_sitenote_active":false,"_monsterinsights_sitenote_note":"","_monsterinsights_sitenote_category":0,"footnotes":""},"class_list":["post-5275","page","type-page","status-publish","hentry"],"aioseo_notices":[],"_links":{"self":[{"href":"https:\/\/morancorealty.com\/en\/wp-json\/wp\/v2\/pages\/5275","targetHints":{"allow":["GET"]}}],"collection":[{"href":"https:\/\/morancorealty.com\/en\/wp-json\/wp\/v2\/pages"}],"about":[{"href":"https:\/\/morancorealty.com\/en\/wp-json\/wp\/v2\/types\/page"}],"author":[{"embeddable":true,"href":"https:\/\/morancorealty.com\/en\/wp-json\/wp\/v2\/users\/1"}],"replies":[{"embeddable":true,"href":"https:\/\/morancorealty.com\/en\/wp-json\/wp\/v2\/comments?post=5275"}],"version-history":[{"count":1,"href":"https:\/\/morancorealty.com\/en\/wp-json\/wp\/v2\/pages\/5275\/revisions"}],"predecessor-version":[{"id":25290,"href":"https:\/\/morancorealty.com\/en\/wp-json\/wp\/v2\/pages\/5275\/revisions\/25290"}],"wp:attachment":[{"href":"https:\/\/morancorealty.com\/en\/wp-json\/wp\/v2\/media?parent=5275"}],"curies":[{"name":"wp","href":"https:\/\/api.w.org\/{rel}","templated":true}]}}