{"id":676,"date":"2014-05-30T12:07:14","date_gmt":"2014-05-30T12:07:14","guid":{"rendered":"http:\/\/wpresidence.net\/?page_id=676"},"modified":"2025-10-27T12:43:19","modified_gmt":"2025-10-27T17:43:19","slug":"nuestro-equipo","status":"publish","type":"page","link":"https:\/\/morancorealty.com\/en\/nuestro-equipo\/","title":{"rendered":"Our Team"},"content":{"rendered":"<p data-start=\"352\" data-end=\"733\" class=\" translation-block\">At <strong data-start=\"355\" data-end=\"374\">MORA&amp;CO. REALTY<\/strong>, we believe that the success of every real estate transaction is built on a committed, well-prepared, and passionate team. We have <strong data-start=\"508\" data-end=\"511\">certified professionals<\/strong> who combine experience, market knowledge, and personalized attention, offering our clients a service based on <strong data-start=\"688\" data-end=\"730\">ethics, transparency, and trust<\/strong>.<\/p>\n<p data-start=\"735\" data-end=\"1187\" class=\" translation-block\">Our leadership is represented by <strong data-start=\"775\" data-end=\"800\">Patricia Mora Vallejo<\/strong>, General Director and former president of AMPI Canc\u00fan, and <strong data-start=\"853\" data-end=\"877\">Alejandra Luis L\u00e9piz<\/strong>, Director of Operations, a specialist in strategy and management of real estate projects.<br data-start=\"969\" data-end=\"972\">Together they lead a group of advisors who share the same philosophy: <strong data-start=\"1045\" data-end=\"1115\">to accompany each client with professionalism, empathy and commitment<\/strong>, transforming each transaction into a positive and secure experience.<\/p>\n<blockquote data-start=\"1189\" data-end=\"1275\">\n<p data-start=\"1191\" data-end=\"1275\"><em data-start=\"1191\" data-end=\"1275\">More than a real estate team, we are allies in building your wealth.<\/em><\/p>\n<\/blockquote>","protected":false},"excerpt":{"rendered":"<p>En MORA&amp;CO. REALTY, creemos que el \u00e9xito de cada operaci\u00f3n inmobiliaria se construye con un equipo comprometido, preparado y apasionado por lo que hace.Contamos con profesionales certificados que combinan experiencia, conocimiento del mercado y atenci\u00f3n personalizada, ofreciendo a nuestros clientes un servicio basado en la \u00e9tica, la transparencia y la confianza. Nuestro liderazgo est\u00e1 representado por Patricia Mora Vallejo, Directora General y expresidenta de &#8230;<\/p>","protected":false},"author":1,"featured_media":25279,"parent":0,"menu_order":0,"comment_status":"open","ping_status":"open","template":"page-templates\/agents_list.php","meta":{"inline_featured_image":false,"_monsterinsights_skip_tracking":false,"_monsterinsights_sitenote_active":false,"_monsterinsights_sitenote_note":"","_monsterinsights_sitenote_category":0,"footnotes":""},"class_list":["post-676","page","type-page","status-publish","has-post-thumbnail","hentry"],"aioseo_notices":[],"_links":{"self":[{"href":"https:\/\/morancorealty.com\/en\/wp-json\/wp\/v2\/pages\/676","targetHints":{"allow":["GET"]}}],"collection":[{"href":"https:\/\/morancorealty.com\/en\/wp-json\/wp\/v2\/pages"}],"about":[{"href":"https:\/\/morancorealty.com\/en\/wp-json\/wp\/v2\/types\/page"}],"author":[{"embeddable":true,"href":"https:\/\/morancorealty.com\/en\/wp-json\/wp\/v2\/users\/1"}],"replies":[{"embeddable":true,"href":"https:\/\/morancorealty.com\/en\/wp-json\/wp\/v2\/comments?post=676"}],"version-history":[{"count":2,"href":"https:\/\/morancorealty.com\/en\/wp-json\/wp\/v2\/pages\/676\/revisions"}],"predecessor-version":[{"id":25388,"href":"https:\/\/morancorealty.com\/en\/wp-json\/wp\/v2\/pages\/676\/revisions\/25388"}],"wp:featuredmedia":[{"embeddable":true,"href":"https:\/\/morancorealty.com\/en\/wp-json\/wp\/v2\/media\/25279"}],"wp:attachment":[{"href":"https:\/\/morancorealty.com\/en\/wp-json\/wp\/v2\/media?parent=676"}],"curies":[{"name":"wp","href":"https:\/\/api.w.org\/{rel}","templated":true}]}}